{"id":1983,"date":"2026-01-05T21:22:13","date_gmt":"2026-01-05T21:22:13","guid":{"rendered":"https:\/\/majocaporaletti.com.ar\/?page_id=1983"},"modified":"2026-01-09T17:52:41","modified_gmt":"2026-01-09T17:52:41","slug":"2022-la-belleza-de-lo-incierto-galeria-alejandro-bustillo-banco-nacion-argentina-bs-as","status":"publish","type":"page","link":"https:\/\/majocaporaletti.com.ar\/en\/2022-la-belleza-de-lo-incierto-galeria-alejandro-bustillo-banco-nacion-argentina-bs-as\/","title":{"rendered":"2022 La belleza de lo incierto Galer\u00eda Alejandro Bustillo, Banco Naci\u00f3n Argentina, Bs. As."},"content":{"rendered":"<p>[spb_row element_name=&#8221;Row&#8221; wrap_type=&#8221;content-width&#8221; parallax_image_height=&#8221;content-height&#8221; parallax_image_movement=&#8221;fixed&#8221; parallax_image_speed=&#8221;0.5&#8243; bg_video_loop=&#8221;yes&#8221; parallax_video_height=&#8221;window-height&#8221; parallax_video_overlay=&#8221;none&#8221; row_overlay_opacity=&#8221;0&#8243; row_col_pos=&#8221;default&#8221; width=&#8221;1\/1&#8243; el_position=&#8221;first last&#8221;] [spb_text_block animation=&#8221;none&#8221; animation_delay=&#8221;0&#8243; simplified_controls=&#8221;yes&#8221; custom_css_percentage=&#8221;no&#8221; padding_vertical=&#8221;0&#8243; padding_horizontal=&#8221;0&#8243; margin_vertical=&#8221;0&#8243; custom_css=&#8221;margin-top: 0px;margin-bottom: 0px;&#8221; border_size=&#8221;0&#8243; border_styling_global=&#8221;default&#8221; width=&#8221;1\/1&#8243; el_position=&#8221;first last&#8221;]<\/p>\n<h2><span style=\"font-weight: 400;\">The beauty of uncertainty<\/span><\/h2>\n<h3 style=\"text-align: justify;\"><span style=\"font-weight: 400;\">Galer\u00eda Alejandro Bustillo, Banco Naci\u00f3n <\/span><\/h3>\n<h3 style=\"text-align: justify;\"><\/h3>\n<h3 style=\"text-align: justify;\"><span style=\"font-weight: 400;\">La b\u00fasqueda puede ser, a veces, la de iluminar. Esta vieja idea de buscar la escultura en la piedra, esa laboriosa y dulce tarea de develar. Pero en la pintura de Majo <\/span><span style=\"font-weight: 400;\">Caporaletti parece invertirse el procedimiento, como si el ejercicio fuese velar la blanca estridencia del lienzo, la di\u00e1fana mentira de la claridad. Algo busca salir a la pesca de lo que s\u00f3lo puede mostrarse as\u00ed, de lo que s\u00f3lo aparece al cubrir, del misterio que s\u00f3lo una luz opaca es capaz de hacer aparecer. Hacer aparecer el misterio es la t\u00f3nica aqu\u00ed, no revelarlo. Ocultar para que algo aparezca en lo incierto que se abre. La figura y el fondo se confunden, una mirada adherida a puntos imposibles. Aparece un contacto inesperado. Algo propio se dice, en secreto.<\/span><\/h3>\n<h3 style=\"text-align: justify;\"><i><span style=\"font-weight: 400;\">Uno ha pintado el mundo sobre s\u00ed mismo, y no a s\u00ed mismo sobre el mundo. <\/span><\/i><span style=\"font-weight: 400;\">(Deleuze y <\/span><span style=\"font-weight: 400;\">Guattari)<\/span><\/h3>\n<h3 style=\"text-align: justify;\"><span style=\"font-weight: 400;\">Recorrer estos \u00f3leos es adentrarse en un bosque h\u00famedo. Caminarlo. Componer con <\/span><span style=\"font-weight: 400;\">el paisaje. Dejar que algo nuestro componga con \u00e9l. Escuchamos los pasos de alguien, de algo que camina en la oscuridad. Algo est\u00e1 siendo tocado, algo nos toca, algo tocamos. El entorno se nos vuelve parte, se nos vuelve propio, sin dejar de ser, al mismo tiempo, de una misteriosa ajenidad inapresable.<\/span><\/h3>\n<h3 style=\"text-align: justify;\"><span style=\"font-weight: 400;\">Pareciera que en ese territorio hay que perderse, enredarse entre las ra\u00edces para encontrar el estanque de las ranas, devenir silencio para escuchar el grito de un zorro, dejarse afectar por una mirada para reconocernos, escuchar la voz interna que se reconoce en esos animales, en esas <\/span><span style=\"font-weight: 400;\">mujeres. Algo en estas pinturas nos acerca al secreto. \u00bfQu\u00e9 ha pasado? La obra de <\/span><span style=\"font-weight: 400;\">Majo Caporaletti est\u00e1 relacionada fundamentalmente con un secreto (no con una materia o con un objeto del secreto que habr\u00eda que descubrir, sino con la forma del <\/span><br \/>\n<span style=\"font-weight: 400;\">secreto que permanece inaccesible.<\/span><\/h3>\n<h3 style=\"text-align: justify;\"><span style=\"font-weight: 400;\">Algo parece siempre a punto de dar el salto, de arrojarse, de abrirse a una dimensi\u00f3n <\/span><span style=\"font-weight: 400;\">m\u00e1s concreta, m\u00e1s sustancial, m\u00e1s tangible. Pero la obra permanece en el silencio, en <\/span><span style=\"font-weight: 400;\">la fuerza de eso, que es tra\u00eddo a la punta de la lengua. Eso que se puede decir s\u00f3lo de <\/span><span style=\"font-weight: 400;\">esa forma, esto que s\u00f3lo se puede evocar, decir a trav\u00e9s de lo incierto. Un despliegue del misterio que nos deja expectantes <\/span><span style=\"font-weight: 400;\">frente a algo que no se resuelve, y nos lleva a preguntar, otra vez, \u00bfQu\u00e9 ha pasado?<\/span><\/h3>\n<h3 style=\"text-align: justify;\"><span style=\"font-weight: 400;\">Cuando algo sucede, el yo que lo esperaba est\u00e1 ya muerto, o el que tendr\u00eda que <\/span><span style=\"font-weight: 400;\">esperarlo, todav\u00eda no haya llegado.<\/span><\/h3>\n<h3 style=\"text-align: justify;\"><\/h3>\n<h3 style=\"text-align: justify;\"><span style=\"font-weight: 400;\">Sebasti\u00e1n Bru<\/span><\/h3>\n<p>[\/spb_text_block] [\/spb_row] [spb_row element_name=&#8221;Row&#8221; wrap_type=&#8221;full-width-contained&#8221; row_bg_type=&#8221;color&#8221; color_row_height=&#8221;content-height&#8221; bg_type=&#8221;cover&#8221; parallax_image_height=&#8221;content-height&#8221; parallax_image_movement=&#8221;fixed&#8221; parallax_image_speed=&#8221;standard&#8221; bg_video_loop=&#8221;yes&#8221; parallax_video_height=&#8221;window-height&#8221; row_responsive_vis=&#8221;hidden-xs_hidden-sm&#8221; row_top_style=&#8221;none&#8221; row_bottom_style=&#8221;none&#8221; parallax_video_overlay=&#8221;none&#8221; row_overlay_opacity=&#8221;0&#8243; remove_element_spacing=&#8221;no&#8221; row_col_spacing=&#8221;0&#8243; row_col_pos=&#8221;default&#8221; row_col_equal_heights=&#8221;no&#8221; row_expanding=&#8221;no&#8221; row_animation=&#8221;none&#8221; row_animation_delay=&#8221;0&#8243; minimize_row=&#8221;no&#8221; simplified_controls=&#8221;yes&#8221; custom_css_percentage=&#8221;no&#8221; custom_css=&#8221;margin-top: 0px;margin-bottom: 0px;&#8221; border_styling_global=&#8221;default&#8221; width=&#8221;1\/1&#8243; el_position=&#8221;first last&#8221;] [spb_blank_spacer height=&#8221;30px&#8221; width=&#8221;1\/1&#8243; el_position=&#8221;first last&#8221;] [spb_gallery gallery_id=&#8221;1981&#8243; display_type=&#8221;masonry&#8221; columns=&#8221;2&#8243; fullwidth=&#8221;yes&#8221; gutters=&#8221;yes&#8221; image_size=&#8221;full&#8221; slider_transition=&#8221;slide&#8221; show_thumbs=&#8221;yes&#8221; autoplay=&#8221;yes&#8221; show_captions=&#8221;no&#8221; enable_lightbox=&#8221;no&#8221; width=&#8221;1\/1&#8243; el_position=&#8221;first last&#8221;] [\/spb_row] [spb_row element_name=&#8221;gallery mobile&#8221; wrap_type=&#8221;standard-width&#8221; row_bg_type=&#8221;color&#8221; color_row_height=&#8221;content-height&#8221; bg_type=&#8221;cover&#8221; parallax_image_height=&#8221;content-height&#8221; parallax_image_movement=&#8221;fixed&#8221; parallax_image_speed=&#8221;standard&#8221; bg_video_loop=&#8221;yes&#8221; parallax_video_height=&#8221;window-height&#8221; row_responsive_vis=&#8221;hidden-lg_hidden-md&#8221; row_top_style=&#8221;none&#8221; row_bottom_style=&#8221;none&#8221; parallax_video_overlay=&#8221;none&#8221; row_overlay_opacity=&#8221;0&#8243; remove_element_spacing=&#8221;no&#8221; row_col_spacing=&#8221;0&#8243; row_col_pos=&#8221;default&#8221; row_col_equal_heights=&#8221;no&#8221; row_expanding=&#8221;no&#8221; row_animation=&#8221;none&#8221; row_animation_delay=&#8221;0&#8243; minimize_row=&#8221;no&#8221; simplified_controls=&#8221;yes&#8221; custom_css_percentage=&#8221;no&#8221; custom_css=&#8221;margin-top: 0px;margin-bottom: 0px;&#8221; border_styling_global=&#8221;default&#8221; width=&#8221;1\/1&#8243; el_position=&#8221;first last&#8221;] [spb_blank_spacer height=&#8221;30px&#8221; width=&#8221;1\/1&#8243; el_position=&#8221;first last&#8221;] [spb_gallery gallery_id=&#8221;1981&#8243; display_type=&#8221;masonry&#8221; columns=&#8221;1&#8243; fullwidth=&#8221;yes&#8221; gutters=&#8221;yes&#8221; image_size=&#8221;full&#8221; slider_transition=&#8221;slide&#8221; show_thumbs=&#8221;yes&#8221; autoplay=&#8221;yes&#8221; show_captions=&#8221;no&#8221; enable_lightbox=&#8221;no&#8221; width=&#8221;1\/1&#8243; el_position=&#8221;first last&#8221;] [\/spb_row]<\/p>","protected":false},"excerpt":{"rendered":"<p>[spb_row element_name=&#8221;Row&#8221; wrap_type=&#8221;content-width&#8221; parallax_image_height=&#8221;content-height&#8221; parallax_image_movement=&#8221;fixed&#8221; parallax_image_speed=&#8221;0.5&#8243; bg_video_loop=&#8221;yes&#8221; parallax_video_height=&#8221;window-height&#8221; parallax_video_overlay=&#8221;none&#8221; row_overlay_opacity=&#8221;0&#8243; row_col_pos=&#8221;default&#8221; width=&#8221;1\/1&#8243; el_position=&#8221;first last&#8221;] [spb_text_block animation=&#8221;none&#8221; animation_delay=&#8221;0&#8243; simplified_controls=&#8221;yes&#8221; custom_css_percentage=&#8221;no&#8221; padding_vertical=&#8221;0&#8243; padding_horizontal=&#8221;0&#8243; margin_vertical=&#8221;0&#8243; custom_css=&#8221;margin-top: 0px;margin-bottom: 0px;&#8221; border_size=&#8221;0&#8243; border_styling_global=&#8221;default&#8221; width=&#8221;1\/1&#8243; el_position=&#8221;first last&#8221;] La belleza de lo incierto Galer\u00eda Alejandro Bustillo, Banco Naci\u00f3n La b\u00fasqueda puede ser, a veces, la de iluminar. Esta vieja idea de buscar la escultura en la piedra, esa [&hellip;]<\/p>","protected":false},"author":2,"featured_media":0,"parent":0,"menu_order":0,"comment_status":"closed","ping_status":"closed","template":"","meta":{"footnotes":""},"class_list":["post-1983","page","type-page","status-publish","hentry"],"_links":{"self":[{"href":"https:\/\/majocaporaletti.com.ar\/en\/wp-json\/wp\/v2\/pages\/1983","targetHints":{"allow":["GET"]}}],"collection":[{"href":"https:\/\/majocaporaletti.com.ar\/en\/wp-json\/wp\/v2\/pages"}],"about":[{"href":"https:\/\/majocaporaletti.com.ar\/en\/wp-json\/wp\/v2\/types\/page"}],"author":[{"embeddable":true,"href":"https:\/\/majocaporaletti.com.ar\/en\/wp-json\/wp\/v2\/users\/2"}],"replies":[{"embeddable":true,"href":"https:\/\/majocaporaletti.com.ar\/en\/wp-json\/wp\/v2\/comments?post=1983"}],"version-history":[{"count":9,"href":"https:\/\/majocaporaletti.com.ar\/en\/wp-json\/wp\/v2\/pages\/1983\/revisions"}],"predecessor-version":[{"id":2301,"href":"https:\/\/majocaporaletti.com.ar\/en\/wp-json\/wp\/v2\/pages\/1983\/revisions\/2301"}],"wp:attachment":[{"href":"https:\/\/majocaporaletti.com.ar\/en\/wp-json\/wp\/v2\/media?parent=1983"}],"curies":[{"name":"wp","href":"https:\/\/api.w.org\/{rel}","templated":true}]}}