{"id":1082,"date":"2021-05-23T21:03:23","date_gmt":"2021-05-23T21:03:23","guid":{"rendered":"http:\/\/majocapo.wwwaz1-lr4.supercp.com\/?post_type=product&#038;p=1082"},"modified":"2024-07-01T16:12:39","modified_gmt":"2024-07-01T16:12:39","slug":"el-origen","status":"publish","type":"product","link":"https:\/\/majocaporaletti.com.ar\/en\/artwork\/el-origen\/","title":{"rendered":"The Origin"},"content":{"rendered":"","protected":false},"excerpt":{"rendered":"<p>Oil on canvas<\/p>\n<p>120 x 100 cm<\/p>\n<p><span style=\"font-weight: 400;\">2021<\/span><\/p>\n<p><span style=\"font-weight: 400;\">Menci\u00f3n Adquisici\u00f3n XIV Premio de Pintura Bancor, Museo Tamburini, C\u00f3rdoba, Argentina<\/span><\/p>","protected":false},"featured_media":1174,"template":"","meta":[],"product_cat":[46],"product_tag":[],"class_list":{"0":"post-1082","1":"product","2":"type-product","3":"status-publish","4":"has-post-thumbnail","6":"product_cat-pinturas","8":"first","9":"instock","10":"shipping-taxable","11":"product-type-simple"},"_links":{"self":[{"href":"https:\/\/majocaporaletti.com.ar\/en\/wp-json\/wp\/v2\/product\/1082","targetHints":{"allow":["GET"]}}],"collection":[{"href":"https:\/\/majocaporaletti.com.ar\/en\/wp-json\/wp\/v2\/product"}],"about":[{"href":"https:\/\/majocaporaletti.com.ar\/en\/wp-json\/wp\/v2\/types\/product"}],"wp:featuredmedia":[{"embeddable":true,"href":"https:\/\/majocaporaletti.com.ar\/en\/wp-json\/wp\/v2\/media\/1174"}],"wp:attachment":[{"href":"https:\/\/majocaporaletti.com.ar\/en\/wp-json\/wp\/v2\/media?parent=1082"}],"wp:term":[{"taxonomy":"product_cat","embeddable":true,"href":"https:\/\/majocaporaletti.com.ar\/en\/wp-json\/wp\/v2\/product_cat?post=1082"},{"taxonomy":"product_tag","embeddable":true,"href":"https:\/\/majocaporaletti.com.ar\/en\/wp-json\/wp\/v2\/product_tag?post=1082"}],"curies":[{"name":"wp","href":"https:\/\/api.w.org\/{rel}","templated":true}]}}