{"id":622,"date":"2020-06-23T11:36:51","date_gmt":"2020-06-23T11:36:51","guid":{"rendered":"http:\/\/majocapo.wwwaz1-lr4.supercp.com\/?post_type=product&#038;p=622"},"modified":"2021-06-16T20:58:17","modified_gmt":"2021-06-16T20:58:17","slug":"rio","status":"publish","type":"product","link":"https:\/\/majocaporaletti.com.ar\/en\/artwork\/rio\/","title":{"rendered":"R\u00edo"},"content":{"rendered":"","protected":false},"excerpt":{"rendered":"<p>Carbonilla, grafito y tinta sobre tela en bastidor<\/p>\n<p>100 x 70 cm<\/p>\n<p>Esta obra qued\u00f3 seleccionada en el 63\u00ba Sal\u00f3n de Artes Pl\u00e1sticas Manuel Belgrano. Dibujo. Museo Eduardo S\u00edvori, 2019<\/p>","protected":false},"featured_media":623,"template":"","meta":[],"product_cat":[58],"product_tag":[],"class_list":{"0":"post-622","1":"product","2":"type-product","3":"status-publish","4":"has-post-thumbnail","6":"product_cat-la-forma-del-vacio","8":"first","9":"instock","10":"shipping-taxable","11":"product-type-simple"},"_links":{"self":[{"href":"https:\/\/majocaporaletti.com.ar\/en\/wp-json\/wp\/v2\/product\/622","targetHints":{"allow":["GET"]}}],"collection":[{"href":"https:\/\/majocaporaletti.com.ar\/en\/wp-json\/wp\/v2\/product"}],"about":[{"href":"https:\/\/majocaporaletti.com.ar\/en\/wp-json\/wp\/v2\/types\/product"}],"wp:featuredmedia":[{"embeddable":true,"href":"https:\/\/majocaporaletti.com.ar\/en\/wp-json\/wp\/v2\/media\/623"}],"wp:attachment":[{"href":"https:\/\/majocaporaletti.com.ar\/en\/wp-json\/wp\/v2\/media?parent=622"}],"wp:term":[{"taxonomy":"product_cat","embeddable":true,"href":"https:\/\/majocaporaletti.com.ar\/en\/wp-json\/wp\/v2\/product_cat?post=622"},{"taxonomy":"product_tag","embeddable":true,"href":"https:\/\/majocaporaletti.com.ar\/en\/wp-json\/wp\/v2\/product_tag?post=622"}],"curies":[{"name":"wp","href":"https:\/\/api.w.org\/{rel}","templated":true}]}}